{"id":1116,"date":"2020-06-24T17:46:17","date_gmt":"2020-06-24T17:46:17","guid":{"rendered":"https:\/\/dianaosorio.coach\/pt\/?page_id=1116"},"modified":"2020-06-24T17:50:35","modified_gmt":"2020-06-24T17:50:35","slug":"politica-de-cookies","status":"publish","type":"page","link":"https:\/\/dianaosorio.coach\/pt\/politica-de-cookies\/","title":{"rendered":"Pol\u00edtica de Cookies"},"content":{"rendered":"<p style=\"text-align: justify;\"><span style=\"font-weight: 400;\">Os Cookies s\u00e3o ficheiros que s\u00e3o gravados no seu computador e que t\u00eam um \u00fanico objectivo que \u00e9 simplificar a sua navega\u00e7\u00e3o no nosso site: https:\/\/dianaosorio.coach (estes cookies n\u00e3o podem conter v\u00edrus nem ser executados, pois n\u00e3o s\u00e3o ficheiros activos).<\/span><\/p>\n<h4 style=\"text-align: justify;\"><span style=\"font-weight: 400;\">Os cookies permitem:<\/span><\/h4>\n<p style=\"text-align: justify;\"><span style=\"font-weight: 400;\">\u2013 Melhorar a sua experi\u00eancia de navega\u00e7\u00e3o e beneficiar posteriormente dos nossos conselhos e informa\u00e7\u00f5es personalizadas.<\/span><\/p>\n<p style=\"text-align: justify;\"><span style=\"font-weight: 400;\">\u2013 Estar informado sobre as nossas ofertas promocionais em diversos produtos.<\/span><\/p>\n<p style=\"text-align: justify;\"><span style=\"font-weight: 400;\">\u2013 Guardar os produtos no seu carrinho de compras para poder continuar a encomenda em qualquer outro momento.<\/span><\/p>\n<p style=\"text-align: justify;\"><span style=\"font-weight: 400;\">Estes cookies apenas podem ser lidos pela https:\/\/dianaosorio.coach e por si, e caso deseje poder\u00e3o ser apagados.<\/span><\/p>\n<p style=\"text-align: justify;\"><b>Nota:<\/b><span style=\"font-weight: 400;\"> Se quiser optar por n\u00e3o receber cookies, poder\u00e1 configurar o seu computador, e receber um avisar sempre que receber um cookie ou ainda, desactivar todos os cookies atrav\u00e9s do seu programa de consulta (Internet Explorer ou Netscape Navigator). (Poder\u00e1 consultar o menu de Ajuda do seu programa de consulta e ver a maneira correcta de alterar ou actualizar os cookies). Se optar por desactivar os cookies, poder\u00e1 n\u00e3o conseguir aceder a algumas das fun\u00e7\u00f5es acima indicadas.<\/span><\/p>\n<p style=\"text-align: justify;\"><span style=\"font-weight: 400;\">Poder\u00e1 ainda atrav\u00e9s das defini\u00e7\u00f5es do seu computador ter algum controlo sobre a maioria dos cookies. Para obter mais informa\u00e7\u00f5es sobre cookies, incluindo para saber que cookies foram instalados e como poder\u00e3o ser geridos e eliminados, visitar em www.allaboutcookies.org. Por \u00faltimo se optar por n\u00e3o querer que as suas visitas a s\u00edtios Web sejam detectadas pelo Google Analytics, v\u00e1 a http:\/\/tools.google.com\/dlpage\/gaoptout.<\/span><\/p>\n","protected":false},"excerpt":{"rendered":"<p>Os Cookies s\u00e3o ficheiros que s\u00e3o gravados no seu computador e que t\u00eam um \u00fanico objectivo que \u00e9 simplificar a sua navega\u00e7\u00e3o no nosso site: https:\/\/dianaosorio.coach (estes cookies n\u00e3o podem&#8230;<\/p>\n","protected":false},"author":1,"featured_media":0,"parent":0,"menu_order":0,"comment_status":"closed","ping_status":"closed","template":"","meta":{"footnotes":""},"class_list":["post-1116","page","type-page","status-publish"],"_links":{"self":[{"href":"https:\/\/dianaosorio.coach\/pt\/wp-json\/wp\/v2\/pages\/1116","targetHints":{"allow":["GET"]}}],"collection":[{"href":"https:\/\/dianaosorio.coach\/pt\/wp-json\/wp\/v2\/pages"}],"about":[{"href":"https:\/\/dianaosorio.coach\/pt\/wp-json\/wp\/v2\/types\/page"}],"author":[{"embeddable":true,"href":"https:\/\/dianaosorio.coach\/pt\/wp-json\/wp\/v2\/users\/1"}],"replies":[{"embeddable":true,"href":"https:\/\/dianaosorio.coach\/pt\/wp-json\/wp\/v2\/comments?post=1116"}],"version-history":[{"count":3,"href":"https:\/\/dianaosorio.coach\/pt\/wp-json\/wp\/v2\/pages\/1116\/revisions"}],"predecessor-version":[{"id":1120,"href":"https:\/\/dianaosorio.coach\/pt\/wp-json\/wp\/v2\/pages\/1116\/revisions\/1120"}],"wp:attachment":[{"href":"https:\/\/dianaosorio.coach\/pt\/wp-json\/wp\/v2\/media?parent=1116"}],"curies":[{"name":"wp","href":"https:\/\/api.w.org\/{rel}","templated":true}]}}