{"id":1125,"date":"2020-06-24T18:32:12","date_gmt":"2020-06-24T18:32:12","guid":{"rendered":"https:\/\/dianaosorio.coach\/pt\/?page_id=1125"},"modified":"2020-06-24T18:32:13","modified_gmt":"2020-06-24T18:32:13","slug":"politica-de-privacidade","status":"publish","type":"page","link":"https:\/\/dianaosorio.coach\/pt\/politica-de-privacidade\/","title":{"rendered":"Pol\u00edtica de Privacidade"},"content":{"rendered":"<p style=\"text-align: left;\"><b>DECLARA\u00c7\u00c3O E CONSENTIMENTO PR\u00c9VIOS \u00c0 NOSSA POL\u00cdTICA DE PRIVACIDADE<\/b><\/p>\n<p style=\"text-align: justify;\"><span style=\"font-weight: 400;\">Ao aceitar a presente Pol\u00edtica de Privacidade, est\u00e1 a autorizar a <\/span><b>Diana Os\u00f3rio<\/b><span style=\"font-weight: 400;\"> para que trate o seus dados pessoais constantes nos formul\u00e1rios existentes no website https:\/\/dianaosorio.coach,, dos quais confirma ser titular, bem como dos dados relativos \u00e0 sua rela\u00e7\u00e3o comercial e contratual, e respectiva gest\u00e3o, nos termos da presente Pol\u00edtica de Privacidade.<\/span><\/p>\n<p style=\"text-align: left;\"><span style=\"font-weight: 400;\">Declara, ainda:<\/span><\/p>\n<p style=\"text-align: justify;\"><span style=\"font-weight: 400;\">1 \u2013 Estar consciente e devidamente informado\/a de que todo o tratamento respeitante aos seus dados pessoais inclui todas as opera\u00e7\u00f5es efetuadas sobre os dados por si transmitidos, quer sejam via meios automatizados ou n\u00e3o, com o objetivo de: melhorar o funcionamento e funcionalidades do website da <\/span><b>Diana Os\u00f3rio<\/b><span style=\"font-weight: 400;\"> (inclu\u00ed os casos em que os seus dados ser\u00e3o juntos e tratados de forma estat\u00edstica, sem que possam ser identific\u00e1veis por quaisquer terceiros a quem sejam fornecidos); aumentar a melhoria e personaliza\u00e7\u00e3o dos servi\u00e7os que lhe s\u00e3o prestados; processar transa\u00e7\u00f5es relacionadas consigo; contact\u00e1-lo\/a atrav\u00e9s de emails, mensagens escritas ou por telefone para o respetivo envio de informa\u00e7\u00f5es ou atualiza\u00e7\u00f5es sobre as suas transa\u00e7\u00f5es e pedidos, bem como informa\u00e7\u00f5es sobre novos produtos, marcas ou servi\u00e7os relacionados; interagir consigo em plataformas de social media e\/ou usar e\/ou reproduzir conte\u00fado seu publicamente dispon\u00edvel onde se tenha referido a, ou aposto um \u201ctag\/hashtag\u201d, a n\u00f3s, as nossas marcas ou os nossos produtos ou servi\u00e7os;&nbsp;<\/span><\/p>\n<p style=\"text-align: justify;\"><span style=\"font-weight: 400;\">2 \u2013 Aceitar e consentir que os seus dados sejam transmitidos a entidades a quem a <\/span><b>Diana Os\u00f3rio<\/b><span style=\"font-weight: 400;\"> possa recorrer, na condi\u00e7\u00e3o de subcontratantes, com a finalidade de proceder \u00e0 cria\u00e7\u00e3o e gest\u00e3o da sua comunica\u00e7\u00e3o, pesquisa e an\u00e1lise sobre os servi\u00e7os que presta, bem como para gerir concursos, informa\u00e7\u00f5es, promo\u00e7\u00f5es ou estudos de consumo ou de mercado, e ter sido informado\/a de que os seus dados n\u00e3o ser\u00e3o vendidos, trocados, transferidos ou dados, nem que ser\u00e3o tratados para outras finalidades;<\/span><\/p>\n<p style=\"text-align: justify;\"><span style=\"font-weight: 400;\">3 \u2013 Aceitar e consentir o livre uso e reprodu\u00e7\u00e3o, pela <\/span><b>Diana Os\u00f3rio,<\/b><span style=\"font-weight: 400;\">, de conte\u00fados seus publicamente dispon\u00edveis e\/ou publicados em plataformas social media em que se tenha referido, expl\u00edcita e especificamente, ou aposto \u201ctag-hashtag\u201d \u00e0 <\/span><b>Diana Os\u00f3rio<\/b><span style=\"font-weight: 400;\">, as nossas marcas, produtos ou servi\u00e7os;<\/span><\/p>\n<p style=\"text-align: justify;\"><span style=\"font-weight: 400;\">4 \u2013 Tomar conhecimento que, nos termos da legisla\u00e7\u00e3o aplic\u00e1vel, se pode opor, limitar, corrigir ou solicitar o apagamento relativamente ao tratamento dos seus dados quanto a uma ou algumas das finalidades anteriormente descritas, mediante o envio de um pedido ao seguinte correio eletr\u00f3nico: geral@oraltorres.com, bem como ter o direito a apresentar uma queixa junto das autoridades competentes;<\/span><\/p>\n<p style=\"text-align: justify;\"><span style=\"font-weight: 400;\">5 \u2013 Prestar o presente consentimento de forma livre e volunt\u00e1ria e ter 16 ou mais anos de idade.<\/span><\/p>\n<p style=\"text-align: justify;\"><b>Diana Os\u00f3rio &#8211; POL\u00cdTICA DE PRIVACIDADE<\/b><\/p>\n<p style=\"text-align: justify;\"><span style=\"font-weight: 400;\">Na <\/span><b>Diana Os\u00f3rio<\/b><span style=\"font-weight: 400;\">, consideramos a sua privacidade um assunto muito s\u00e9rio. Estamos a trabalhar para maximizar cada vez mais a sua boa experi\u00eancia com o nosso website e plataformas social media, num ambiente o mais seguro poss\u00edvel. \u00c9 nossa pol\u00edtica interna tratar os seus dados pessoais com discri\u00e7\u00e3o e proteg\u00ea-los o melhor poss\u00edvel. A presente Pol\u00edtica de Privacidade explica como recolhemos, protegemos, usamos e partilhamos informa\u00e7\u00e3o sobre si, online e offline, esperando assim aumentar a sua confian\u00e7a na <\/span><b>Diana Os\u00f3rio<\/b><span style=\"font-weight: 400;\"> e melhorar a sua experi\u00eancia connosco. Importante referir que a presente Pol\u00edtica de Privacidade aplica-se \u00e0 informa\u00e7\u00e3o recolhida pela apenas pela <\/span><b>Diana Os\u00f3rio<\/b><span style=\"font-weight: 400;\">, n\u00e3o se estendendo \u00e0 informa\u00e7\u00e3o que possa ter submetido em outros sites ou plataformas sociais geridas por outras entidades ou organiza\u00e7\u00f5es para as quais poderemos remeter. Leia atentamente os seguintes termos.<\/span><\/p>\n<p style=\"text-align: justify;\"><span style=\"font-weight: 400;\">1 \u2013 <\/span><b>OS SEUS DADOS<\/b><\/p>\n<p style=\"text-align: justify;\"><span style=\"font-weight: 400;\">Informamos que o nosso site: www.dianaosorio.coach n\u00e3o recolhe informa\u00e7\u00f5es pessoais sobre si, a menos que nos forne\u00e7a voluntariamente. Isso significa que n\u00e3o saberemos o seu nome, o seu endere\u00e7o de e-mail ou qualquer outra informa\u00e7\u00e3o pessoal apenas porque navegou neste site. Recolhemos informa\u00e7\u00e3o sua atrav\u00e9s do preenchimento efetuado de forma volunt\u00e1ria de algum formul\u00e1rio dentro das v\u00e1rias p\u00e1ginas do site, tenha efetuado uma marca\u00e7\u00e3o de consulta dentro do mesmo site, ou tenha acedido ao site a partir de um link mencionado num e-mail enviado por n\u00f3s. Apenas recolhemos os seus dados quando e se efetuar o registo no nosso site ou preencha um formul\u00e1rio on-line ou nas lojas fornecido por um dos nossos t\u00e9cnicos especializados, com a assist\u00eancia de nossa equipa. Ao registar-se no nosso site, poder\u00e1 ser solicitado que introduza o seu nome, endere\u00e7o, contacto telef\u00f3nico, data de nascimento, endere\u00e7o de correio eletr\u00f3nico e outras informa\u00e7\u00f5es relevantes. Tamb\u00e9m pode visitar o nosso site anonimamente. Note que, ao fornecer-nos informa\u00e7\u00f5es pessoais sobre si nos termos descritos nesta pol\u00edtica de privacidade, est\u00e1 a dar-nos o seu consentimento para que utilizemos as mesmas para as finalidades aqui referidas.<\/span><\/p>\n<p style=\"text-align: justify;\"><span style=\"font-weight: 400;\">2 \u2013 <\/span><b>UTILIZA\u00c7\u00c3O DOS SEUS DADOS<\/b><\/p>\n<p style=\"text-align: justify;\"><span style=\"font-weight: 400;\">Qualquer um dos dados que nos forne\u00e7a, pode ser usado das seguintes maneiras: \u2013 personalizar a sua experi\u00eancia connosco. \u2013 melhorar o nosso site nos servi\u00e7os e recursos dispon\u00edveis. \u2013 melhorar o nosso servi\u00e7o ao cliente em geral. \u2013 para processar as transa\u00e7\u00f5es relacionadas consigo. \u2013 entrar em contato consigo. -gerir um concurso, promo\u00e7\u00e3o, comunica\u00e7\u00e3o de novas marcas, produtos e servi\u00e7os, pesquisa ou outro recurso. Os seus dados, quer sejam p\u00fablicos ou privados, n\u00e3o ser\u00e3o vendidos, trocados, transferidos ou dados a qualquer outra empresa fora das <\/span><b>Diana Os\u00f3rio<\/b><span style=\"font-weight: 400;\">, por qualquer motivo, sem o seu consentimento. Tamb\u00e9m podemos usar e fornecer informa\u00e7\u00f5es agregadas e estat\u00edsticas a terceiros para monitorizar o uso do nosso website, com a finalidade de nos ajudar a desenvolv\u00ea-lo e os nossos servi\u00e7os. Os dados utilizados n\u00e3o devem incluir informa\u00e7\u00f5es que possam ser utilizadas para identificar qualquer indiv\u00edduo. Os dados de contato por si fornecidos podem ser usados para enviar informa\u00e7\u00f5es e atualiza\u00e7\u00f5es relacionadas com os seus pedidos e, informa\u00e7\u00f5es sobre produtos, marcas ou servi\u00e7os relacionados. Nota: Se, a qualquer momento, quiser cancelar a subscri\u00e7\u00e3o de futuros e-mails, incluiremos instru\u00e7\u00f5es detalhadas de como proceder ao cancelamento, na parte inferior de cada e-mail.<\/span><\/p>\n<p style=\"text-align: justify;\"><span style=\"font-weight: 400;\">3 \u2013 <\/span><b>PROTE\u00c7\u00c3O DA SUA INFORMA\u00c7\u00c3O<\/b><\/p>\n<p style=\"text-align: justify;\"><span style=\"font-weight: 400;\">Seguimos as melhores pr\u00e1ticas e padr\u00f5es da ind\u00fastria para proteger os seus detalhes durante a transmiss\u00e3o e, uma vez recebidos, implementamos v\u00e1rias medidas para manter toda a seguran\u00e7a dos dados pessoais que nos transmitiu. No entanto, dever\u00e1 estar ciente de que nenhum m\u00e9todo de transmiss\u00e3o ou armazenamento, \u00e9 atualmente 100% seguro. Por isso, na m\u00e1xima extens\u00e3o permitida pela lei, n\u00e3o podemos ser respons\u00e1veis por quaisquer reclama\u00e7\u00f5es. Perdas e danos, incluindo, sem limita\u00e7\u00f5es, perdas diretas, indiretas, especiais, punitivas, incidentais ou consequenciais ou danos incorridos por si ou qualquer utilizador relacionadas com fraude inform\u00e1tica, riscos ou qualquer outra infra\u00e7\u00e3o ou circunst\u00e2ncia em que as nossas informa\u00e7\u00f5es s\u00e3o acedidas ou divulgadas sem nossa autoriza\u00e7\u00e3o expressa.<\/span><\/p>\n<p style=\"text-align: justify;\"><span style=\"font-weight: 400;\">4 \u2013 <\/span><b>DADOS QUE NOS ENVIA<\/b><\/p>\n<p style=\"text-align: justify;\"><span style=\"font-weight: 400;\">Para sua privacidade, aconselhamos que n\u00e3o inclua dados pessoais, nomeadamente sens\u00edveis, ou e confidenciais nos e-mails que nos envia. Por favor, n\u00e3o nos envie via e-mail n\u00fameros de cart\u00e3o de cr\u00e9dito ou qualquer informa\u00e7\u00e3o pessoal sens\u00edvel, a n\u00e3o ser aquela estritamente necess\u00e1ria para resolver a necessidade decorrente da nossa rela\u00e7\u00e3o comercial. N\u00e3o recolhemos conscientemente informa\u00e7\u00f5es pessoais de menores. Como pai\/m\u00e3e ou respons\u00e1vel legal, n\u00e3o dever\u00e1 permitir que os seus filhos enviem-nos informa\u00e7\u00f5es pessoais sem a sua permiss\u00e3o. N\u00e3o somos respons\u00e1veis por dados de identifica\u00e7\u00e3o ou outras informa\u00e7\u00f5es que escolha enviar em f\u00f3runs como uma \u00e1rea de coment\u00e1rio ou qualquer outra \u00e1rea p\u00fablica acess\u00edvel que administramos ou gerimos, como por exemplo redes sociais.<\/span><\/p>\n<p style=\"text-align: left;\"><span style=\"font-weight: 400;\">5 \u2013 <\/span><b>DIVULGA\u00c7\u00c3O DE INFORMA\u00c7\u00c3O A TERCEIROS<\/b><\/p>\n<p style=\"text-align: justify;\"><span style=\"font-weight: 400;\">N\u00e3o vendemos, comercializamos ou transferimos para terceiros os seus dados de identifica\u00e7\u00e3o pessoal. Isso n\u00e3o inclui terceiros confi\u00e1veis e cumpridores de normas e boas pr\u00e1ticas de seguran\u00e7a, que nos ajudam a gerir o nosso site, aplica\u00e7\u00f5es para dispositivos m\u00f3veis, a nossa comunica\u00e7\u00e3o com os nossos clientes, conduzindo os nossos neg\u00f3cios ou prestando servi\u00e7os aos nossos clientes, desde que essas partes concordem em manter essas informa\u00e7\u00f5es confidenciais. Tamb\u00e9m poderemos divulgar as suas informa\u00e7\u00f5es quando acreditamos que a libera\u00e7\u00e3o \u00e9 apropriada para cumprir com a lei, para impor as nossas pol\u00edticas de site ou para proteger os nossos direitos, propriedade ou seguran\u00e7a. No entanto, informa\u00e7\u00f5es de visitante n\u00e3o-pessoalmente identific\u00e1veis podem ser fornecidas a outras partes para fins de marketing, publicidade ou outros usos.<\/span><\/p>\n<p style=\"text-align: left;\"><span style=\"font-weight: 400;\">6 \u2013 <\/span><b>O SEU CONSENTIMENTO<\/b><\/p>\n<p style=\"text-align: justify;\"><span style=\"font-weight: 400;\">Ao utilizar o nosso website e as nossas plataformas, concorda com nossa Pol\u00edtica de Privacidade.<\/span><\/p>\n<p style=\"text-align: left;\"><span style=\"font-weight: 400;\">7 \u2013 <\/span><b>OS SEUS DIREITOS<\/b><\/p>\n<p style=\"text-align: justify;\"><span style=\"font-weight: 400;\">Uma vez que queremos garantir que est\u00e1 consciente dos seus direitos e nos termos da legisla\u00e7\u00e3o aplic\u00e1vel, queremos inform\u00e1-lo que: Os seus dados pessoais pertencem-lhe a si. Como tal, tem o direito a aceder, retificar, limitar, apagar e opor-se ao tratamento dos mesmos assim como a obter os mesmos junto da <\/span><b>Diana Os\u00f3rio<\/b><span style=\"font-weight: 400;\">. Faremos todos os esfor\u00e7os para que os seus dados pessoais se mantenham atualizados e protegidos de acordo com os melhores standards praticados pela ind\u00fastria. Tem o direito a apresentar uma queixa junto da autoridade de prote\u00e7\u00e3o de dados competente. Em Portugal, esta autoridade \u00e9 a Comiss\u00e3o Nacional de Prote\u00e7\u00e3o de Dados (\u201cCNPD\u201d). Mais informa\u00e7\u00e3o sobre a CNPD poder\u00e1 ser obtida atrav\u00e9s do website www.cnpd.pt<\/span><\/p>\n<p style=\"text-align: left;\"><span style=\"font-weight: 400;\">8 \u2013 <\/span><b>ALTERA\u00c7\u00c3O \u00c0 NOSSA POL\u00cdTICA DE PRIVACIDADE<\/b><\/p>\n<p style=\"text-align: justify;\"><span style=\"font-weight: 400;\">Reservamo-nos no direito de atualizar a nossa Pol\u00edtica de Privacidade periodicamente. Caso fa\u00e7amos altera\u00e7\u00f5es, daremos nota das respetivas mudan\u00e7as \u00e0 mesma no nosso website bem como atrav\u00e9s de uma comunica\u00e7\u00e3o para os meios de contacto indicados. O uso continuado do nosso website, aplica\u00e7\u00f5es, servi\u00e7os e recursos oferecidos ap\u00f3s tal comunica\u00e7\u00e3o ter\u00e1 valor de, e ser\u00e1 considerado como, a sua concord\u00e2ncia com tais altera\u00e7\u00f5es. A vers\u00e3o em vigor foi publicada em 24 de Junho de 2020.<\/span><\/p>\n<p style=\"text-align: left;\"><span style=\"font-weight: 400;\">9 \u2013 <\/span><b>CONTACTOS<\/b><\/p>\n<p style=\"text-align: justify;\"><span style=\"font-weight: 400;\">Em caso de d\u00favida sobre a nossa Pol\u00edtica de Privacidade ou caso pretenda exercer qualquer um dos seus direitos referidos nos v\u00e1rios pontos acima, por favor queira contactar-nos atrav\u00e9s de: Tel.: +351913857612 Email: site@dianaosorio.coach.<\/span><\/p>\n","protected":false},"excerpt":{"rendered":"<p>DECLARA\u00c7\u00c3O E CONSENTIMENTO PR\u00c9VIOS \u00c0 NOSSA POL\u00cdTICA DE PRIVACIDADE Ao aceitar a presente Pol\u00edtica de Privacidade, est\u00e1 a autorizar a Diana Os\u00f3rio para que trate o seus dados pessoais constantes&#8230;<\/p>\n","protected":false},"author":1,"featured_media":0,"parent":0,"menu_order":0,"comment_status":"closed","ping_status":"closed","template":"","meta":{"footnotes":""},"class_list":["post-1125","page","type-page","status-publish"],"_links":{"self":[{"href":"https:\/\/dianaosorio.coach\/pt\/wp-json\/wp\/v2\/pages\/1125","targetHints":{"allow":["GET"]}}],"collection":[{"href":"https:\/\/dianaosorio.coach\/pt\/wp-json\/wp\/v2\/pages"}],"about":[{"href":"https:\/\/dianaosorio.coach\/pt\/wp-json\/wp\/v2\/types\/page"}],"author":[{"embeddable":true,"href":"https:\/\/dianaosorio.coach\/pt\/wp-json\/wp\/v2\/users\/1"}],"replies":[{"embeddable":true,"href":"https:\/\/dianaosorio.coach\/pt\/wp-json\/wp\/v2\/comments?post=1125"}],"version-history":[{"count":1,"href":"https:\/\/dianaosorio.coach\/pt\/wp-json\/wp\/v2\/pages\/1125\/revisions"}],"predecessor-version":[{"id":1126,"href":"https:\/\/dianaosorio.coach\/pt\/wp-json\/wp\/v2\/pages\/1125\/revisions\/1126"}],"wp:attachment":[{"href":"https:\/\/dianaosorio.coach\/pt\/wp-json\/wp\/v2\/media?parent=1125"}],"curies":[{"name":"wp","href":"https:\/\/api.w.org\/{rel}","templated":true}]}}